{"id":10430,"date":"2016-11-26T03:52:27","date_gmt":"2016-11-26T03:52:27","guid":{"rendered":"http:\/\/amwal.miraclestudio.design\/?page_id=9466"},"modified":"2024-08-06T17:48:57","modified_gmt":"2024-08-06T17:48:57","slug":"home-page-5-2","status":"publish","type":"page","link":"https:\/\/rhacofi.com.mx\/","title":{"rendered":"Home Page 5"},"content":{"rendered":"<section class=\"wpb-content-wrapper\"><p>[vc_row full_width=\u201dstretch_row_content_no_spaces\u201d][vc_column][rev_slider_vc alias=\u201dslider-2\u2033][\/vc_column][\/vc_row][vc_row css=\u201d.vc_custom_1721934419052{padding-top: 120px !important;padding-right: 60px !important;padding-bottom: 120px !important;padding-left: 60px !important;background-image: url(https:\/\/rhacofi.com.mx\/wp-content\/uploads\/2024\/07\/Nosotros2.png?id=10980) !important;background-position: center !important;background-repeat: no-repeat !important;background-size: cover !important;}\u201d el_id=\u201dnosotros\u201d][vc_column width=\u201d1\/2\u2033 css=\u201d.vc_custom_1721934098668{padding-top: 150px !important;}\u201d]<div class=\"section-title title-block title-style-1 text-left\"><span class=\"top-title\"><\/span><h2 class=\"title\">\u00bfQuienes somos?<\/h2><div class=\"sub-title\">Transparencia y confianza en todos nuestros trabajos.<\/div><span class=\"bottom-title\"><\/span><\/div>[\/vc_column][vc_column width=\u201d1\/2\u2033 css=\u201d.vc_custom_1481795658232{padding-top: 40px !important;}\u201d][vc_column_text css=\u201d.vc_custom_1721933971251{border-top-width: 50px !important;border-bottom-width: 50px !important;padding-top: 90px !important;padding-bottom: 90px !important;}\u201d]<\/p>\n<p style=\"font-weight: 300; font-size: 24px; color: #222; line-height: 1; margin-bottom: 30px;\"><span style=\"font-weight: 600;\">R&H ACOFI<\/span><\/p>\n<p><span style=\"color: #333333;\">Es una firma conformada por un grupo de profesionistas dedicados a la prestaci\u00f3n de servicios de contabilidad, auditor\u00eda, consultor\u00eda fiscal y financiera. Ofreciendo dentro de nuestros servicios, calidad y profesionalidad que se apegan a las necesidades espec\u00edficas de cada uno de nuestros clientes.<\/span>[\/vc_column_text][\/vc_column][\/vc_row][vc_row css=\u201d.vc_custom_1721934239503{padding-top: 100px !important;padding-bottom: 100px !important;background-image: url(https:\/\/rhacofi.com.mx\/wp-content\/uploads\/2024\/06\/home-7-footer-bg.jpg?id=10533) !important;background-position: center !important;background-repeat: no-repeat !important;background-size: cover !important;}\u201d][vc_column]<div class=\"section-title title-block title-style-1 light-skin text-center\"><span class=\"top-title\"><\/span><h2 class=\"title\">Nuestra Empresa<\/h2><div class=\"sub-title\">.<\/div><span class=\"bottom-title\"><\/span><\/div>[vc_row_inner css=\u201d.vc_custom_1476781170548{padding-top: 45px !important;}\u201d][vc_column_inner width=\u201d1\/3\u2033][vc_hoverbox image=\u201d10891\u2033 primary_title=\u201d\u201d hover_title=\u201dMisi\u00f3n\u201d]Somos una firma dedicada a la prestaci\u00f3n de servicios independientes en las \u00e1reas Contables y Fiscales principalmente dentro del estado de San Luis Potos\u00ed; Contamos con amplio conocimiento en las \u00e1reas de los negocios para facilitar la toma de decisiones a empresarios, logrando una maximizaci\u00f3n de excelencia en sus negocios.[\/vc_hoverbox][vc_column_text]<\/p>\n<h2 style=\"text-align: center;\">Misi\u00f3n<\/h2>\n<p>[\/vc_column_text][\/vc_column_inner][vc_column_inner width=\u201d1\/3\u2033][vc_hoverbox image=\u201d10892\u2033 primary_title=\u201d\u201d hover_title=\u201dVisi\u00f3n\u201d]Colocarnos como una de las mejores firmas, l\u00edderes en nuestro estado, trabajando siempre bajo lineamientos basados en la capacitaci\u00f3n y preparaci\u00f3n profesional, dando siempre un servicio de calidad y competitividad.<\/p>\n<p>\u00a0<\/p>\n<p>.[\/vc_hoverbox][vc_column_text]<\/p>\n<h2 style=\"text-align: center;\">Visi\u00f3n<\/h2>\n<p>[\/vc_column_text][\/vc_column_inner][vc_column_inner width=\u201d1\/3\u2033][vc_hoverbox image=\u201d10893\u2033 primary_title=\u201d\u201d hover_title=\u201dValores\u201d]Confianza, Respeto, Empat\u00eda, Responsabilidad, Honestidad y Calidad.<\/p>\n<p>\u00a0<\/p>\n<p>\u00a0<\/p>\n<p>\u00a0<\/p>\n<p>.[\/vc_hoverbox][vc_column_text]<\/p>\n<h2 style=\"text-align: center;\">Valores<\/h2>\n<p>[\/vc_column_text][\/vc_column_inner][\/vc_row_inner][vc_separator css=\u201d.vc_custom_1718220621050{padding-top: 100px !important;padding-bottom: 30px !important;}\u201d]<div class=\"amwal-call-to-action   light-text\">\r\n\t\t\t\t<div class=\"title\"><p>Experiencia y profesionalismo a tu servicio<\/p>\n<\/div><a href=\"#contacto\" class=\"view-more\" >Cont\u00e1ctanos<\/a>\r\n\t\t\t<\/div>[\/vc_column][\/vc_row][vc_row css=\u201d.vc_custom_1480142570991{padding-top: 100px !important;padding-bottom: 100px !important;background-image: url(http:\/\/amwal.miraclestudio.design\/wp-content\/uploads\/2016\/11\/05_home_steps_bg.jpg?id=9359) !important;background-position: center !important;background-repeat: no-repeat !important;background-size: cover !important;}\u201d][vc_column]<div class=\"section-title title-block title-style-1 text-left\"><span class=\"top-title\"><\/span><h2 class=\"title\">Nuestro Equipo<\/h2><div class=\"sub-title\">.<\/div><span class=\"bottom-title\"><\/span><\/div>[vc_empty_space][vc_row_inner][vc_column_inner width=\u201d1\/2\u2033][vc_hoverbox image=\u201d10888\u2033 primary_title=\u201d\u201d primary_align=\u201dleft\u201d hover_title=\u201dRoberto Carlos Mart\u00ednez Rodr\u00edguez\u201d hover_align=\u201dleft\u201d]<\/p>\n<ul>\n<li style=\"text-align: left;\">Contador P\u00fablico por la Facultad de Contadur\u00eda y Administraci\u00f3n de la UASLP<\/li>\n<li style=\"text-align: left;\">Certificaci\u00f3n general de Contadur\u00eda por examen EGEL-Ceneval del IMCP 2018 (16329)<\/li>\n<li style=\"text-align: left;\">Maestr\u00eda en Administraci\u00f3n de Negocios con Finanzas en TecMilenio SLP<\/li>\n<li style=\"text-align: left;\">Fundador de la Firma R&H ACOFI, firma dedicada a prestar servicios de consultor\u00eda fiscal \u2013 contable y servicios de auditor\u00eda externa. (2022)<\/li>\n<li style=\"text-align: left;\">Docente hora clase en Universidades como: Facultad de Contadur\u00eda y Administraci\u00f3n de la UASLP, Universidad Tangamanga (Campus Saucito) y Universidad TecMilenio (Campus San Luis) desde el 2016<\/li>\n<li style=\"text-align: left;\">Socio del Contadores P\u00fablicos de SLP desde 2016<\/li>\n<li style=\"text-align: left;\">Vicepresidente y Secretario de Jovenes IMCP de la Regi\u00f3n Centro Occidente del IMCP<\/li>\n<li style=\"text-align: left;\">Vicepresidente de Docencia del Colegio de Contadores P\u00fablicos por el periodo de 2022 \u2013 2024<\/li>\n<li style=\"text-align: left;\">Ponente en cursos de diversos temas: contables, auditor\u00eda, \u00e9tica profesional y seguridad social.<\/li>\n<li style=\"text-align: left;\">Cuento con registros como dictaminador:<\/li>\n<\/ul>\n<h6 style=\"text-align: left;\">AGAFF: 18915<\/h6>\n<h6 style=\"text-align: left;\">IMSS: 8301<\/h6>\n<h6 style=\"text-align: left;\">INFONAVIT: 6400<\/h6>\n<h6 style=\"text-align: left;\">FINANZAS SLP: SLP-ISERTP-0180<\/h6>\n<h6 style=\"text-align: left;\">REGISTRO CAPACITADOR EXTERNO AUTORIZADO POR LA STPS: 144\/7686<\/h6>\n<p>[\/vc_hoverbox][\/vc_column_inner][vc_column_inner width=\u201d1\/2\u2033][vc_hoverbox image=\u201d10889\u2033 primary_title=\u201d\u201d primary_align=\u201dleft\u201d hover_title=\u201dHugo Salvador Donjuan Almendarez\u201d hover_align=\u201dleft\u201d]<\/p>\n<ul>\n<li style=\"text-align: left;\">Contador P\u00fablico por la Facultad de Contadur\u00eda y Administraci\u00f3n de la UASLP<\/li>\n<li style=\"text-align: left;\">Licenciado en Derecho por la Universidad Interamericana para el Desarrollo (UNID)<\/li>\n<li style=\"text-align: left;\">Fundador de la Firma R&H ACOFI, firma dedicada a prestar servicios de consultor\u00eda fiscal \u2013 contable y servicios de auditor\u00eda externa. (2022)<\/li>\n<li style=\"text-align: left;\">Docente hora clase en Universidad Tangamanga (Campus Saucito) desde 2018<\/li>\n<li style=\"text-align: left;\">Socio del Colegio de Contadores de SLP desde 2018<\/li>\n<li style=\"text-align: left;\">Ponente en cursos de diversos temas: contables, fiscales y nominas.<\/li>\n<li style=\"text-align: left;\">Certificaci\u00f3n en Microsoft Excel por Skilling Center Tecmilenio.<\/li>\n<\/ul>\n<p>\u00a0<\/p>\n<p><img loading=\"lazy\" decoding=\"async\" class=\"wp-image-10985 size-thumbnail alignleft\" src=\"https:\/\/rhacofi.com.mx\/wp-content\/uploads\/2024\/08\/WhatsApp_Image_2024-07-31_at_1.14.14_PM-removebg-preview-150x150.png\" alt=\"\" width=\"150\" height=\"150\" srcset=\"https:\/\/rhacofi.com.mx\/wp-content\/uploads\/2024\/08\/WhatsApp_Image_2024-07-31_at_1.14.14_PM-removebg-preview-150x150.png 150w, https:\/\/rhacofi.com.mx\/wp-content\/uploads\/2024\/08\/WhatsApp_Image_2024-07-31_at_1.14.14_PM-removebg-preview-300x300.png 300w, https:\/\/rhacofi.com.mx\/wp-content\/uploads\/2024\/08\/WhatsApp_Image_2024-07-31_at_1.14.14_PM-removebg-preview-480x480.png 480w, https:\/\/rhacofi.com.mx\/wp-content\/uploads\/2024\/08\/WhatsApp_Image_2024-07-31_at_1.14.14_PM-removebg-preview-270x270.png 270w, https:\/\/rhacofi.com.mx\/wp-content\/uploads\/2024\/08\/WhatsApp_Image_2024-07-31_at_1.14.14_PM-removebg-preview-100x100.png 100w, https:\/\/rhacofi.com.mx\/wp-content\/uploads\/2024\/08\/WhatsApp_Image_2024-07-31_at_1.14.14_PM-removebg-preview.png 500w\" sizes=\"auto, (max-width: 150px) 100vw, 150px\" \/><\/p>\n<p>\u00a0<\/p>\n<p>\u00a0<\/p>\n<p>\u00a0<\/p>\n<p>\u00a0<\/p>\n<p>\u00a0<\/p>\n<p>\u00a0<\/p>\n<p>\u2026[\/vc_hoverbox][\/vc_column_inner][\/vc_row_inner][\/vc_column][\/vc_row][vc_row css=\u201d.vc_custom_1721934392176{padding-top: 100px !important;padding-bottom: 80px !important;}\u201d el_id=\u201dservicios\u201d][vc_column]<div class=\"section-title title-block title-style-1 text-center\"><span class=\"top-title\"><\/span><h2 class=\"title\">Servicios<\/h2><div class=\"sub-title\">.<\/div><span class=\"bottom-title\"><\/span><\/div>[\/vc_column][\/vc_row][vc_row equal_height=\u201dyes\u201d][vc_column width=\u201d1\/3\u2033 css=\u201d.vc_custom_1721072996233{padding-top: 50px !important;padding-bottom: 30px !important;background-color: #e8e8e8 !important;}\u201d]<div class=\"amwal-icon-box  box-style-1\">\r\n\t\t\t\t <span class=\"b-icon fa fa-check-circle\"><\/span><h4 class=\"title\">\u00c1rea de Auditor\u00eda<\/h4><div class=\"desc\"><ul>\n<li>Auditor\u00eda para efectos financieros.<\/li>\n<li>Auditor\u00eda para efectos fiscales (SAT).<\/li>\n<li>Auditor\u00eda para efectos de seguridad social (IMSS).<\/li>\n<li>Auditor\u00eda para efectos de INFONAVIT.<\/li>\n<li>Auditor\u00eda estatal de Impuestos Sobre N\u00f3minas en San Luis Potos\u00ed (ISEPRTP).<\/li>\n<li>Revisi\u00f3n de controles internos y \u00e1reas especificas.<\/li>\n<\/ul>\n<\/div>\r\n\t\t\t<\/div>[vc_empty_space height=\u201d90\u2033][\/vc_column][vc_column width=\u201d1\/3\u2033 css=\u201d.vc_custom_1721406102876{padding-top: 50px !important;padding-bottom: 30px !important;background-color: #efefef !important;}\u201d]<div class=\"amwal-icon-box  box-style-1\">\r\n\t\t\t\t <span class=\"b-icon fa fa-check-circle\"><\/span><h4 class=\"title\">\u00c1rea  Fiscal<\/h4><div class=\"desc\"><ul>\n<li>Asesor\u00eda en materia de impuestos para personas f\u00edsicas y morales.<\/li>\n<li>Determinaci\u00f3n, c\u00e1lculo y presentaci\u00f3n de declaraciones provisionales y anuales de personas f\u00edsicas y morales.<\/li>\n<li>Devoluciones de impuestos federales.<\/li>\n<li>Acompa\u00f1amiento en diferentes tr\u00e1mites ante el SAT.<\/li>\n<li>Preparaci\u00f3n de informaci\u00f3n contable y fiscal referente a la disoluci\u00f3n y liquidaci\u00f3n de Sociedades.<\/li>\n<li>C\u00e1lculo de reembolsos de capital.<\/li>\n<\/ul>\n<\/div>\r\n\t\t\t<\/div>[vc_empty_space height=\u201d23\u2033][\/vc_column][vc_column width=\u201d1\/3\u2033 css=\u201d.vc_custom_1721072974191{padding-top: 50px !important;padding-bottom: 30px !important;background-color: #e8e8e8 !important;}\u201d]<div class=\"amwal-icon-box  box-style-1\">\r\n\t\t\t\t <span class=\"b-icon fa fa-check-circle\"><\/span><h4 class=\"title\">\u00c1rea Contable<\/h4><div class=\"desc\"><ul>\n<li>Preparaci\u00f3n y registro de la contabilidad y papeles de trabajo que la respaldan.<\/li>\n<li>Elaboraci\u00f3n y preparaci\u00f3n de estados financieros de acuerdo con las NIF.<\/li>\n<li>Apoyo en la administraci\u00f3n y desarrollo del proceso contable del contribuyente.<\/li>\n<\/ul>\n<\/div>\r\n\t\t\t<\/div>[vc_empty_space height=\u201d158\u2033][\/vc_column][\/vc_row][vc_row css=\u201d.vc_custom_1721072303423{padding-top: 0px !important;padding-bottom: 30px !important;}\u201d][vc_column width=\u201d1\/3\u2033 css=\u201d.vc_custom_1721072273130{padding-top: 50px !important;padding-bottom: 30px !important;background-color: #efefef !important;}\u201d]<div class=\"amwal-icon-box  box-style-1\">\r\n\t\t\t\t <span class=\"b-icon fa fa-check-circle\"><\/span><h4 class=\"title\">Servicios de facturaci\u00f3n<\/h4><div class=\"desc\"><ul>\n<li>Timbrado de CFDI de: ingresos, egresos, recibos de dividendos.<\/li>\n<\/ul>\n<\/div>\r\n\t\t\t<\/div>[vc_empty_space height=\u201d251\u2033][\/vc_column][vc_column width=\u201d1\/3\u2033 css=\u201d.vc_custom_1721072199124{padding-top: 50px !important;padding-bottom: 30px !important;background-color: #e8e8e8 !important;}\u201d]<div class=\"amwal-icon-box  box-style-1\">\r\n\t\t\t\t <span class=\"b-icon fa fa-check-circle\"><\/span><h4 class=\"title\">Servicio de N\u00f3minas<\/h4><div class=\"desc\"><ul>\n<li>Acompa\u00f1\u00e1miento en diferentes tramites ante el IMSS y Finanzas.<\/li>\n<li>Preparaci\u00f3n, c\u00e1lculo y timbrado de n\u00f3minas.<\/li>\n<\/ul>\n<\/div>\r\n\t\t\t<\/div>[vc_empty_space height=\u201d229\u2033][\/vc_column][vc_column width=\u201d1\/3\u2033 css=\u201d.vc_custom_1721072245583{padding-top: 50px !important;padding-bottom: 30px !important;background-color: #efefef !important;}\u201d]<div class=\"amwal-icon-box  box-style-1\">\r\n\t\t\t\t <span class=\"b-icon fa fa-check-circle\"><\/span><h4 class=\"title\">Cursos y Capacitaci\u00f3n<\/h4><div class=\"desc\"><ul>\n<li>Impartimos cursos en diferentes \u00e1reas relacionados en temas como: financieros, fiscales, auditor\u00edas y seguridad social.<\/li>\n<\/ul>\n<\/div>\r\n\t\t\t<\/div>[vc_column_text]Estamos autorizados como agentes capacitadores ante la STPS, para extender DC-3 en las empresas que lo requieren[\/vc_column_text][vc_empty_space height=\u201d60\u2033][vc_single_image image=\u201d10874\u2033 img_size=\u201d\u201d][vc_empty_space height=\u201d20\u2033][\/vc_column][\/vc_row][vc_row css=\u201d.vc_custom_1721934346274{padding-top: 100px !important;padding-bottom: 100px !important;background-image: url(http:\/\/amwal.miraclestudio.design\/wp-content\/uploads\/2016\/11\/05_home_steps_bg.jpg?id=9359) !important;background-position: center !important;background-repeat: no-repeat !important;background-size: cover !important;}\u201d el_id=\u201denlaces\u201d][vc_column]<div class=\"section-title title-block title-style-1 text-left\"><span class=\"top-title\"><\/span><h2 class=\"title\">Enlaces de Inter\u00e9s<\/h2><div class=\"sub-title\">Da click en la imagen para ir al enlace de inter\u00e9s<\/div><span class=\"bottom-title\"><\/span><\/div>[vc_empty_space][vc_images_carousel images=\u201d10945,10946,10938,10944,10947,10941,10978,10943,10902,10939,10940\u2033 img_size=\u201dfull\u201d onclick=\u201dcustom_link\u201d custom_links_target=\u201d_blank\u201d slides_per_view=\u201d4\u2033 autoplay=\u201dyes\u201d hide_pagination_control=\u201dyes\u201d custom_links=\u201d#E-8_aHR0cHMlM0ElMkYlMkZtaWN1ZW50YS5pbmZvbmF2aXQub3JnLm14JTJGJTJDaHR0cHMlM0ElMkYlMkZ3d3cuc2F0LmdvYi5teCUyRmhvbWUlMkNodHRwcyUzQSUyRiUyRnd3dy5iYW54aWNvLm9yZy5teCUyRiUyQ2h0dHBzJTNBJTJGJTJGd3d3Lmltc3MuZ29iLm14JTJGJTJDaHR0cHMlM0ElMkYlMkZ3d3cuZ29iLm14JTJGc3RwcyUyRiUyQ2h0dHBzJTNBJTJGJTJGZG9mLmdvYi5teCUyRiUyM2dzYy50YWIlM0QwJTJDaHR0cHMlM0ElMkYlMkZ3d3cuZ29iLm14JTJGc2UlMkYlMkNodHRwcyUzQSUyRiUyRnNscC5nb2IubXglMkZmaW5hbnphcyUyRlBhZ2luYXMlMkZJbmljaW8uYXNweCUyQ2h0dHBzJTNBJTJGJTJGaWRzZS5pbXNzLmdvYi5teCUyRmltc3MlMkYlMkNodHRwcyUzQSUyRiUyRnd3dy5jb250YWRvcmVzbWV4aWNvLm9yZy5teCUyRiUzRmdhZF9zb3VyY2UlM0QxJTI2Z2NsaWQlM0RDandLQ0Fqd2c4cXpCaEFvRWl3QVdhZ0xyTHBBSnc2NFVMVUt5QnY4SC05cXUtUnhsY2MzVTI3OXRtWDI1N1lKRzFGbEdKNlZBQmRhc0JvQ2RnWVFBdkRfQndFJTJDaHR0cHMlM0ElMkYlMkZ3d3cuY2Nwc2xwLm9yZy5teCUyRg==\u201d][\/vc_column][\/vc_row][vc_row full_width=\u201dstretch_row_content_no_spaces\u201d][vc_column el_id=\u201dubicacion\u201d][vc_gmaps link=\u201d#E-8_JTNDaWZyYW1lJTIwc3JjJTNEJTIyaHR0cHMlM0ElMkYlMkZ3d3cuZ29vZ2xlLmNvbSUyRm1hcHMlMkZlbWJlZCUzRnBiJTNEJTIxMW0xNiUyMTFtMTIlMjExbTMlMjExZDQ2MS45MTg4NTY5ODg4NDE3JTIxMmQtMTAwLjk5MDE2MTYyNjc2MTg3JTIxM2QyMi4xNTA3MTI4MDM4MDc4MDYlMjEybTMlMjExZjAlMjEyZjAlMjEzZjAlMjEzbTIlMjExaTEwMjQlMjEyaTc2OCUyMTRmMTMuMSUyMTJtMSUyMTFzUiUyNTI2aCUyNTIwYWNvZmklMjE1ZTAlMjEzbTIlMjExc2VzLTQxOSUyMTJzbXglMjE0djE3MTgyMjI1NDkzMjQlMjE1bTIlMjExc2VzLTQxOSUyMTJzbXglMjIlMjB3aWR0aCUzRCUyMjYwMCUyMiUyMGhlaWdodCUzRCUyMjQ1MCUyMiUyMHN0eWxlJTNEJTIyYm9yZGVyJTNBMCUzQiUyMiUyMGFsbG93ZnVsbHNjcmVlbiUzRCUyMiUyMiUyMGxvYWRpbmclM0QlMjJsYXp5JTIyJTIwcmVmZXJyZXJwb2xpY3klM0QlMjJuby1yZWZlcnJlci13aGVuLWRvd25ncmFkZSUyMiUzRSUzQyUyRmlmcmFtZSUzRQ==\u201d][\/vc_column][\/vc_row][vc_row css=\u201d.vc_custom_1718840830642{padding-top: 100px !important;background-image: url(https:\/\/rhacofi.com.mx\/wp-content\/uploads\/2024\/06\/Rectangulo-2.png?id=10704) !important;background-position: center !important;background-repeat: no-repeat !important;background-size: cover !important;}\u201d el_id=\u201dcontacto\u201d][vc_column width=\u201d1\/2\u2033]<div class=\"section-title title-block title-style-1 light-skin text-left\"><span class=\"top-title\"><\/span><h2 class=\"title\">Contacto<\/h2><div class=\"sub-title\">.<\/div><span class=\"bottom-title\"><\/span><\/div>[vc_row_inner css=\u201d.vc_custom_1476862919111{padding-top: 60px !important;}\u201d][vc_column_inner]\n<div class=\"wpcf7 no-js\" id=\"wpcf7-f10749-o1\" lang=\"en-US\" dir=\"ltr\" data-wpcf7-id=\"10749\">\n<div class=\"screen-reader-response\"><p role=\"status\" aria-live=\"polite\" aria-atomic=\"true\"><\/p> <ul><\/ul><\/div>\n<form action=\"\/index.php?rest_route=%2Fwp%2Fv2%2Fpages%2F10430#wpcf7-f10749-o1\" method=\"post\" class=\"wpcf7-form init\" aria-label=\"Contact form\" novalidate=\"novalidate\" data-status=\"init\">\n<fieldset class=\"hidden-fields-container\"><input type=\"hidden\" name=\"_wpcf7\" value=\"10749\" \/><input type=\"hidden\" name=\"_wpcf7_version\" value=\"6.1.5\" \/><input type=\"hidden\" name=\"_wpcf7_locale\" value=\"en_US\" \/><input type=\"hidden\" name=\"_wpcf7_unit_tag\" value=\"wpcf7-f10749-o1\" \/><input type=\"hidden\" name=\"_wpcf7_container_post\" value=\"0\" \/><input type=\"hidden\" name=\"_wpcf7_posted_data_hash\" value=\"\" \/>\n<\/fieldset>\n<p><label> Tu Nombre (requerido)<br \/>\n<span class=\"wpcf7-form-control-wrap\" data-name=\"your-name\"><input size=\"40\" maxlength=\"400\" class=\"wpcf7-form-control wpcf7-text wpcf7-validates-as-required\" aria-required=\"true\" aria-invalid=\"false\" value=\"\" type=\"text\" name=\"your-name\" \/><\/span> <\/label>\n<\/p>\n<p><label> Email (requerido)<br \/>\n<span class=\"wpcf7-form-control-wrap\" data-name=\"your-email\"><input size=\"40\" maxlength=\"400\" class=\"wpcf7-form-control wpcf7-email wpcf7-validates-as-required wpcf7-text wpcf7-validates-as-email\" aria-required=\"true\" aria-invalid=\"false\" value=\"\" type=\"email\" name=\"your-email\" \/><\/span> <\/label>\n<\/p>\n<p><label> Asunto<br \/>\n<span class=\"wpcf7-form-control-wrap\" data-name=\"your-subject\"><input size=\"40\" maxlength=\"400\" class=\"wpcf7-form-control wpcf7-text\" aria-invalid=\"false\" value=\"\" type=\"text\" name=\"your-subject\" \/><\/span> <\/label>\n<\/p>\n<p><label> Mensaje<br \/>\n<span class=\"wpcf7-form-control-wrap\" data-name=\"your-message\"><textarea cols=\"40\" rows=\"10\" maxlength=\"2000\" class=\"wpcf7-form-control wpcf7-textarea\" aria-invalid=\"false\" name=\"your-message\"><\/textarea><\/span> <\/label>\n<\/p>\n<p><input class=\"wpcf7-form-control wpcf7-submit has-spinner\" type=\"submit\" value=\"Enviar\" \/>\n<\/p><p style=\"display: none !important;\" class=\"akismet-fields-container\" data-prefix=\"_wpcf7_ak_\"><label>\u0394<textarea name=\"_wpcf7_ak_hp_textarea\" cols=\"45\" rows=\"8\" maxlength=\"100\"><\/textarea><\/label><input type=\"hidden\" id=\"ak_js_1\" name=\"_wpcf7_ak_js\" value=\"88\"\/><script type=\"text\/javascript\">\n\/* <![CDATA[ *\/\ndocument.getElementById( \"ak_js_1\" ).setAttribute( \"value\", ( new Date() ).getTime() );\n\/* ]]> *\/\n<\/script>\n<\/p><div class=\"wpcf7-response-output\" aria-hidden=\"true\"><\/div>\n<\/form>\n<\/div>\n[\/vc_column_inner][\/vc_row_inner][vc_empty_space][\/vc_column][vc_column width=\u201d1\/2\u2033 css=\u201d.vc_custom_1476862990190{padding-top: 40px !important;}\u201d][vc_single_image image=\u201d10895\u2033 img_size=\u201d800\u00d7900\u2033][vc_empty_space][\/vc_column][\/vc_row][vc_row][vc_column][vc_empty_space height=\u201d50\u2033][\/vc_column][\/vc_row]<\/p>\n<\/section>","protected":false},"excerpt":{"rendered":"<p>[vc_row full_width=\u201dstretch_row_content_no_spaces\u201d][vc_column][rev_slider_vc alias=\u201dslider-2\u2033][\/vc_column][\/vc_row][vc_row css=\u201d.vc_custom_1721934419052{padding-top: 120px !important;padding-right: 60px !important;padding-bottom: 120px !important;padding-left: 60px !important;background-image: url(https:\/\/rhacofi.com.mx\/wp-content\/uploads\/2024\/07\/Nosotros2.png?id=10980) !important;background-position: center !important;background-repeat: no-repeat !important;background-size: cover !important;}\u201d el_id=\u201dnosotros\u201d][vc_column width=\u201d1\/2\u2033 css=\u201d.vc_custom_1721934098668{padding-top: 150px !important;}\u201d][\/vc_column][vc_column width=\u201d1\/2\u2033 css=\u201d.vc_custom_1481795658232{padding-top: 40px !important;}\u201d][vc_column_text css=\u201d.vc_custom_1721933971251{border-top-width: 50px !important;border-bottom-width: 50px !important;padding-top: 90px !important;padding-bottom: 90px !important;}\u201d] R&#038;H ACOFI Es una firma conformada por un grupo de profesionistas dedicados a la prestaci\u00f3n de servicios&hellip;<\/p>\n","protected":false},"author":1,"featured_media":0,"parent":0,"menu_order":0,"comment_status":"closed","ping_status":"closed","template":"template-homepage.php","meta":{"footnotes":""},"class_list":["post-10430","page","type-page","status-publish","hentry"],"_links":{"self":[{"href":"https:\/\/rhacofi.com.mx\/index.php?rest_route=\/wp\/v2\/pages\/10430","targetHints":{"allow":["GET"]}}],"collection":[{"href":"https:\/\/rhacofi.com.mx\/index.php?rest_route=\/wp\/v2\/pages"}],"about":[{"href":"https:\/\/rhacofi.com.mx\/index.php?rest_route=\/wp\/v2\/types\/page"}],"author":[{"embeddable":true,"href":"https:\/\/rhacofi.com.mx\/index.php?rest_route=\/wp\/v2\/users\/1"}],"replies":[{"embeddable":true,"href":"https:\/\/rhacofi.com.mx\/index.php?rest_route=%2Fwp%2Fv2%2Fcomments&post=10430"}],"version-history":[{"count":34,"href":"https:\/\/rhacofi.com.mx\/index.php?rest_route=\/wp\/v2\/pages\/10430\/revisions"}],"predecessor-version":[{"id":10989,"href":"https:\/\/rhacofi.com.mx\/index.php?rest_route=\/wp\/v2\/pages\/10430\/revisions\/10989"}],"wp:attachment":[{"href":"https:\/\/rhacofi.com.mx\/index.php?rest_route=%2Fwp%2Fv2%2Fmedia&parent=10430"}],"curies":[{"name":"wp","href":"https:\/\/api.w.org\/{rel}","templated":true}]}}